{"id":88,"date":"2019-01-02T11:04:01","date_gmt":"2019-01-02T11:04:01","guid":{"rendered":"http:\/\/graumitweissensternchen.com\/?page_id=88"},"modified":"2019-01-07T20:06:57","modified_gmt":"2019-01-07T20:06:57","slug":"18-fakten","status":"publish","type":"page","link":"https:\/\/www.graumitweissensternchen.de\/?page_id=88","title":{"rendered":"18 Fakten"},"content":{"rendered":"<p>Da die <strong>18<\/strong> meine <strong>Lieblingszahl<\/strong> ist, habe ich euch im Folgenden 18 Fakten \u00fcber mich zusammengestellt:<\/p>\n<ol>\n<li>Mein Sternzeichen ist der L\u00f6we.<\/li>\n<li>Ich rede gerne und viel&#8230; \ud83d\ude09<\/li>\n<li>Ich bin Perfektionistin! (Wenn ich was anpacke, muss es gut werden&#8230;)<\/li>\n<li>Ich bin s\u00fcchtig nach Deko und Dauergast bei IKEA! (auch wegen Punkt 7)<\/li>\n<li>Ich gehe Samstag gerne auf den Markt und kaufe mir frische Blumen.<\/li>\n<li>Als Kind habe ich viel in der Natur mit meinen beiden j\u00fcngeren Br\u00fcdern gespielt.<div data-carousel-extra='{\"blog_id\":1,\"permalink\":\"https:\\\/\\\/www.graumitweissensternchen.de\\\/?page_id=88\"}' class=\"tiled-gallery type-circle\" data-original-width=\"1080\"><div class=\"tiled-gallery-item\"><a border=\"0\" href=\"https:\/\/www.graumitweissensternchen.de\/?attachment_id=103\"><img loading=\"lazy\" decoding=\"async\" data-recalc-dims=\"1\" data-attachment-id=\"103\" data-orig-file=\"https:\/\/www.graumitweissensternchen.de\/wp-content\/uploads\/2019\/01\/IMG_7277.jpg\" data-orig-size=\"1024,1365\" data-comments-opened=\"1\" data-image-meta=\"{&quot;aperture&quot;:&quot;2.4&quot;,&quot;credit&quot;:&quot;&quot;,&quot;camera&quot;:&quot;iPhone X&quot;,&quot;caption&quot;:&quot;&quot;,&quot;created_timestamp&quot;:&quot;1532024242&quot;,&quot;copyright&quot;:&quot;&quot;,&quot;focal_length&quot;:&quot;6&quot;,&quot;iso&quot;:&quot;64&quot;,&quot;shutter_speed&quot;:&quot;0.016666666666667&quot;,&quot;title&quot;:&quot;&quot;,&quot;orientation&quot;:&quot;1&quot;}\" data-image-title=\"IMG_7277\" data-image-description=\"\" data-medium-file=\"https:\/\/www.graumitweissensternchen.de\/wp-content\/uploads\/2019\/01\/IMG_7277-225x300.jpg\" data-large-file=\"https:\/\/www.graumitweissensternchen.de\/wp-content\/uploads\/2019\/01\/IMG_7277-768x1024.jpg\" style=\"margin: 2px\" src=\"https:\/\/i0.wp.com\/www.graumitweissensternchen.de\/wp-content\/uploads\/2019\/01\/IMG_7277.jpg?resize=356%2C356&#038;ssl=1\" width=\"356\" height=\"356\" title=\"IMG_7277\" \/><\/a><\/div><div class=\"tiled-gallery-item\"><a border=\"0\" href=\"https:\/\/www.graumitweissensternchen.de\/?attachment_id=102\"><img loading=\"lazy\" decoding=\"async\" data-recalc-dims=\"1\" data-attachment-id=\"102\" data-orig-file=\"https:\/\/www.graumitweissensternchen.de\/wp-content\/uploads\/2019\/01\/IMG_2154.jpg\" data-orig-size=\"1024,767\" data-comments-opened=\"1\" data-image-meta=\"{&quot;aperture&quot;:&quot;1.8&quot;,&quot;credit&quot;:&quot;&quot;,&quot;camera&quot;:&quot;iPhone X&quot;,&quot;caption&quot;:&quot;&quot;,&quot;created_timestamp&quot;:&quot;1527269885&quot;,&quot;copyright&quot;:&quot;&quot;,&quot;focal_length&quot;:&quot;4&quot;,&quot;iso&quot;:&quot;20&quot;,&quot;shutter_speed&quot;:&quot;0.0005420054200542&quot;,&quot;title&quot;:&quot;&quot;,&quot;orientation&quot;:&quot;1&quot;}\" data-image-title=\"IMG_2154\" data-image-description=\"\" data-medium-file=\"https:\/\/www.graumitweissensternchen.de\/wp-content\/uploads\/2019\/01\/IMG_2154-300x225.jpg\" data-large-file=\"https:\/\/www.graumitweissensternchen.de\/wp-content\/uploads\/2019\/01\/IMG_2154-1024x767.jpg\" style=\"margin: 2px\" src=\"https:\/\/i0.wp.com\/www.graumitweissensternchen.de\/wp-content\/uploads\/2019\/01\/IMG_2154.jpg?resize=356%2C356&#038;ssl=1\" width=\"356\" height=\"356\" title=\"IMG_2154\" \/><\/a><\/div><div class=\"tiled-gallery-item\"><a border=\"0\" href=\"https:\/\/www.graumitweissensternchen.de\/?attachment_id=99\"><img loading=\"lazy\" decoding=\"async\" data-recalc-dims=\"1\" data-attachment-id=\"99\" data-orig-file=\"https:\/\/www.graumitweissensternchen.de\/wp-content\/uploads\/2019\/01\/IMG_4624.jpg\" data-orig-size=\"1024,1024\" data-comments-opened=\"1\" data-image-meta=\"{&quot;aperture&quot;:&quot;2.2&quot;,&quot;credit&quot;:&quot;&quot;,&quot;camera&quot;:&quot;iPhone 6s&quot;,&quot;caption&quot;:&quot;&quot;,&quot;created_timestamp&quot;:&quot;1502821153&quot;,&quot;copyright&quot;:&quot;&quot;,&quot;focal_length&quot;:&quot;4.15&quot;,&quot;iso&quot;:&quot;25&quot;,&quot;shutter_speed&quot;:&quot;0.00074074074074074&quot;,&quot;title&quot;:&quot;&quot;,&quot;orientation&quot;:&quot;1&quot;}\" data-image-title=\"IMG_4624\" data-image-description=\"\" data-medium-file=\"https:\/\/www.graumitweissensternchen.de\/wp-content\/uploads\/2019\/01\/IMG_4624-300x300.jpg\" data-large-file=\"https:\/\/www.graumitweissensternchen.de\/wp-content\/uploads\/2019\/01\/IMG_4624-1024x1024.jpg\" style=\"margin: 2px\" src=\"https:\/\/i0.wp.com\/www.graumitweissensternchen.de\/wp-content\/uploads\/2019\/01\/IMG_4624.jpg?resize=356%2C356&#038;ssl=1\" width=\"356\" height=\"356\" title=\"IMG_4624\" \/><\/a><\/div><\/div><\/li>\n<li>Ich bin gro\u00dfer Schweden-Fan und habe viele Sommer in S\u00fcdschweden verbracht.<\/li>\n<li>Ich spiele gerne Theater (<a href=\"http:\/\/www.jakobus-theater.de\" target=\"_blank\" rel=\"noopener\">www.jakobus-theater.de<\/a>).<\/li>\n<li>Im Sommer bin ich gerne auf unserem Balkon und bewirte dort unsere G\u00e4ste.<\/li>\n<li>Im Kino brauch ich immer eine T\u00fcte Popcorn.<\/li>\n<li>Ich bin regelrecht Pinterest und Zeitschriften s\u00fcchtig.<\/li>\n<li>Ich liebe es mir morgens erstmal eine gro\u00dfe Tasse Cappuccino in einer meiner vielen Lieblingstassen zuzubereiten.<div data-carousel-extra='{\"blog_id\":1,\"permalink\":\"https:\\\/\\\/www.graumitweissensternchen.de\\\/?page_id=88\"}' class=\"tiled-gallery type-circle\" data-original-width=\"1080\"><div class=\"tiled-gallery-item\"><a border=\"0\" href=\"https:\/\/www.graumitweissensternchen.de\/?attachment_id=104\"><img loading=\"lazy\" decoding=\"async\" data-recalc-dims=\"1\" data-attachment-id=\"104\" data-orig-file=\"https:\/\/www.graumitweissensternchen.de\/wp-content\/uploads\/2019\/01\/IMG_1618.jpeg\" data-orig-size=\"1024,1024\" data-comments-opened=\"1\" data-image-meta=\"{&quot;aperture&quot;:&quot;1.8&quot;,&quot;credit&quot;:&quot;&quot;,&quot;camera&quot;:&quot;iPhone X&quot;,&quot;caption&quot;:&quot;&quot;,&quot;created_timestamp&quot;:&quot;1522925020&quot;,&quot;copyright&quot;:&quot;&quot;,&quot;focal_length&quot;:&quot;4&quot;,&quot;iso&quot;:&quot;400&quot;,&quot;shutter_speed&quot;:&quot;0.02&quot;,&quot;title&quot;:&quot;&quot;,&quot;orientation&quot;:&quot;0&quot;}\" data-image-title=\"IMG_1618\" data-image-description=\"\" data-medium-file=\"https:\/\/www.graumitweissensternchen.de\/wp-content\/uploads\/2019\/01\/IMG_1618-300x300.jpeg\" data-large-file=\"https:\/\/www.graumitweissensternchen.de\/wp-content\/uploads\/2019\/01\/IMG_1618-1024x1024.jpeg\" style=\"margin: 2px\" src=\"https:\/\/i0.wp.com\/www.graumitweissensternchen.de\/wp-content\/uploads\/2019\/01\/IMG_1618.jpeg?resize=356%2C356&#038;ssl=1\" width=\"356\" height=\"356\" title=\"IMG_1618\" \/><\/a><\/div><div class=\"tiled-gallery-item\"><a border=\"0\" href=\"https:\/\/www.graumitweissensternchen.de\/?attachment_id=105\"><img loading=\"lazy\" decoding=\"async\" data-recalc-dims=\"1\" data-attachment-id=\"105\" data-orig-file=\"https:\/\/www.graumitweissensternchen.de\/wp-content\/uploads\/2019\/01\/IMG_1054.jpeg\" data-orig-size=\"1024,1365\" data-comments-opened=\"1\" data-image-meta=\"{&quot;aperture&quot;:&quot;2.4&quot;,&quot;credit&quot;:&quot;&quot;,&quot;camera&quot;:&quot;iPhone X&quot;,&quot;caption&quot;:&quot;&quot;,&quot;created_timestamp&quot;:&quot;1534012884&quot;,&quot;copyright&quot;:&quot;&quot;,&quot;focal_length&quot;:&quot;6&quot;,&quot;iso&quot;:&quot;80&quot;,&quot;shutter_speed&quot;:&quot;0.016666666666667&quot;,&quot;title&quot;:&quot;&quot;,&quot;orientation&quot;:&quot;1&quot;}\" data-image-title=\"IMG_1054\" data-image-description=\"\" data-medium-file=\"https:\/\/www.graumitweissensternchen.de\/wp-content\/uploads\/2019\/01\/IMG_1054-225x300.jpeg\" data-large-file=\"https:\/\/www.graumitweissensternchen.de\/wp-content\/uploads\/2019\/01\/IMG_1054-768x1024.jpeg\" style=\"margin: 2px\" src=\"https:\/\/i0.wp.com\/www.graumitweissensternchen.de\/wp-content\/uploads\/2019\/01\/IMG_1054.jpeg?resize=356%2C356&#038;ssl=1\" width=\"356\" height=\"356\" title=\"IMG_1054\" \/><\/a><\/div><div class=\"tiled-gallery-item\"><a border=\"0\" href=\"https:\/\/www.graumitweissensternchen.de\/?attachment_id=94\"><img loading=\"lazy\" decoding=\"async\" data-recalc-dims=\"1\" data-attachment-id=\"94\" data-orig-file=\"https:\/\/www.graumitweissensternchen.de\/wp-content\/uploads\/2019\/01\/IMG_4273.jpeg\" data-orig-size=\"1024,1024\" data-comments-opened=\"1\" data-image-meta=\"{&quot;aperture&quot;:&quot;1.8&quot;,&quot;credit&quot;:&quot;&quot;,&quot;camera&quot;:&quot;iPhone X&quot;,&quot;caption&quot;:&quot;&quot;,&quot;created_timestamp&quot;:&quot;1534171862&quot;,&quot;copyright&quot;:&quot;&quot;,&quot;focal_length&quot;:&quot;4&quot;,&quot;iso&quot;:&quot;20&quot;,&quot;shutter_speed&quot;:&quot;0.0013175230566535&quot;,&quot;title&quot;:&quot;&quot;,&quot;orientation&quot;:&quot;1&quot;}\" data-image-title=\"IMG_4273\" data-image-description=\"\" data-medium-file=\"https:\/\/www.graumitweissensternchen.de\/wp-content\/uploads\/2019\/01\/IMG_4273-300x300.jpeg\" data-large-file=\"https:\/\/www.graumitweissensternchen.de\/wp-content\/uploads\/2019\/01\/IMG_4273-1024x1024.jpeg\" style=\"margin: 2px\" src=\"https:\/\/i0.wp.com\/www.graumitweissensternchen.de\/wp-content\/uploads\/2019\/01\/IMG_4273.jpeg?resize=356%2C356&#038;ssl=1\" width=\"356\" height=\"356\" title=\"IMG_4273\" \/><\/a><\/div><\/div><\/li>\n<li>Mein Lieblingsfach in der Schule war MUM (Mensch und Umwelt).<\/li>\n<li>In meinem K\u00fchlschrank findet man immer Karotten, Quark und K\u00e4se.<\/li>\n<li>Als Lehrerin nutze ich meine Ferien um gemeinsam mit meinem Mann viele spannende Reisen zu unternehmen.<\/li>\n<li>Entspannen kann ich mich erst, wenn unsere Wohnung aufger\u00e4umt ist.<br \/>\n(Sorry Schatz! Aber daf\u00fcr kann man bei uns immer unangek\u00fcndigt<br \/>\nBesuch empfangen&#8230;)<\/li>\n<li>Meine Lieblingsblumen sind Ranunkeln und Pfingstrosen.<\/li>\n<li>In unserer Wohnung habe ich eine kleine N\u00e4hwerkstatt.<\/li>\n<\/ol>\n","protected":false},"excerpt":{"rendered":"<p>Da die 18 meine Lieblingszahl ist, habe ich euch im Folgenden 18 Fakten \u00fcber mich zusammengestellt: Mein Sternzeichen ist der L\u00f6we. Ich rede gerne und viel&#8230; \ud83d\ude09 Ich bin Perfektionistin! (Wenn ich was anpacke, muss es gut werden&#8230;) Ich bin s\u00fcchtig nach Deko und Dauergast bei IKEA! (auch wegen Punkt 7) Ich gehe Samstag gerne auf den Markt und kaufe mir frische Blumen. Als Kind habe ich viel in der Natur mit meinen beiden j\u00fcngeren Br\u00fcdern gespielt. Ich bin gro\u00dfer Schweden-Fan und habe viele Sommer in S\u00fcdschweden verbracht. Ich spiele gerne Theater (www.jakobus-theater.de). Im Sommer bin ich gerne auf unserem Balkon und bewirte dort unsere G\u00e4ste. Im Kino brauch ich immer eine T\u00fcte Popcorn. Ich bin regelrecht Pinterest und Zeitschriften s\u00fcchtig. Ich liebe es mir morgens erstmal eine gro\u00dfe Tasse Cappuccino in einer meiner vielen Lieblingstassen zuzubereiten. Mein Lieblingsfach in der Schule war MUM (Mensch und Umwelt). In meinem K\u00fchlschrank findet man immer Karotten, Quark und K\u00e4se. Als Lehrerin nutze ich meine Ferien um gemeinsam mit meinem Mann viele spannende Reisen zu unternehmen. Entspannen kann ich mich erst, wenn unsere Wohnung aufger\u00e4umt ist. (Sorry Schatz! Aber daf\u00fcr kann man bei uns immer unangek\u00fcndigt Besuch empfangen&#8230;) Meine Lieblingsblumen sind Ranunkeln und [&hellip;]<\/p>\n","protected":false},"author":1,"featured_media":0,"parent":0,"menu_order":0,"comment_status":"closed","ping_status":"closed","template":"","meta":{"footnotes":""},"class_list":["post-88","page","type-page","status-publish","hentry"],"jetpack_sharing_enabled":true,"jetpack_shortlink":"https:\/\/wp.me\/PaATX9-1q","_links":{"self":[{"href":"https:\/\/www.graumitweissensternchen.de\/index.php?rest_route=\/wp\/v2\/pages\/88","targetHints":{"allow":["GET"]}}],"collection":[{"href":"https:\/\/www.graumitweissensternchen.de\/index.php?rest_route=\/wp\/v2\/pages"}],"about":[{"href":"https:\/\/www.graumitweissensternchen.de\/index.php?rest_route=\/wp\/v2\/types\/page"}],"author":[{"embeddable":true,"href":"https:\/\/www.graumitweissensternchen.de\/index.php?rest_route=\/wp\/v2\/users\/1"}],"replies":[{"embeddable":true,"href":"https:\/\/www.graumitweissensternchen.de\/index.php?rest_route=%2Fwp%2Fv2%2Fcomments&post=88"}],"version-history":[{"count":2,"href":"https:\/\/www.graumitweissensternchen.de\/index.php?rest_route=\/wp\/v2\/pages\/88\/revisions"}],"predecessor-version":[{"id":931,"href":"https:\/\/www.graumitweissensternchen.de\/index.php?rest_route=\/wp\/v2\/pages\/88\/revisions\/931"}],"wp:attachment":[{"href":"https:\/\/www.graumitweissensternchen.de\/index.php?rest_route=%2Fwp%2Fv2%2Fmedia&parent=88"}],"curies":[{"name":"wp","href":"https:\/\/api.w.org\/{rel}","templated":true}]}}